{"id":1651,"date":"2023-12-11T11:02:14","date_gmt":"2023-12-11T10:02:14","guid":{"rendered":"https:\/\/appelunei.stura.uni-heidelberg.de\/?page_id=1651"},"modified":"2025-10-20T18:03:12","modified_gmt":"2025-10-20T16:03:12","slug":"mitmachen","status":"publish","type":"page","link":"https:\/\/appelunei.stura.uni-heidelberg.de\/index.php\/mitmachen\/","title":{"rendered":"Mitmachen"},"content":{"rendered":"<p>Es gibt vielf\u00e4ltige M\u00f6glichkeiten, sich bei Appel un\u2019 Ei zu engagieren.<\/p>\n<p>Zum einen gilt es w\u00e4hrend der \u00d6ffnungszeiten den <strong>Ladendienst<\/strong> von 12 bis 14 Uhr zu \u00fcbernehmen. Dieser kann unter anderem gerne leere Gef\u00e4\u00dfe auff\u00fcllen und Fragen von neugierigen und interessierten Leuten beantworten. Der Ladendienst freut sich \u00fcber tatkr\u00e4ftige Unterst\u00fctzung.<\/p>\n<p>Etwa einmal im Monat wird um die Mittagszeit gekocht, haupts\u00e4chlich das frische Gem\u00fcse von der <a href=\"http:\/\/wildwuchs-hd.de\/\">G\u00e4rtnerei Wildwuchs<\/a>. Dieser \u201eMittagstisch\u201c oder auch <strong>K\u00fcfa<\/strong> (K\u00fcche f\u00fcr alle) bietet eine Alternative zu den \u00fcblichen Essenslokalit\u00e4ten im Neuenheimer Feld. Zum gemeinsamen Kochen und Essen sind immer Leute willkommen \u2013 je mehr K\u00f6ch*innen, desto leckerer der Brei!<\/p>\n<p>Au\u00dferdem gibt es regelm\u00e4\u00dfige gemeinsame <strong>Putzparties<\/strong>, zu den jeder herzlich eingeladen ist!<\/p>\n<p>Neben diesen regelm\u00e4\u00dfigen Terminen besteht die M\u00f6glichkeit, Patenschaften f\u00fcr bestimmte T\u00e4tigkeiten zu \u00fcbernehmen. So k\u00fcmmern sich zum Beispiel einige Leute um die <strong>Bestellungen der Lebensmittel<\/strong> bei unseren Produzenten. Rund um die Pflege des Ladens gibt es viele kleinere Aufgaben, f\u00fcr die die Verantwortung \u00fcbernommen werden kann. Prinzipiell gilt, dass die Lebensmittelkooperative vom Engagement ihrer Mitglieder lebt.<\/p>\n<p>Kommt einfach vorbei und sprecht uns an!<\/p>\n","protected":false},"excerpt":{"rendered":"<p>Es gibt vielf\u00e4ltige M\u00f6glichkeiten, sich bei Appel un\u2019 Ei zu engagieren. Zum einen gilt es w\u00e4hrend der \u00d6ffnungszeiten den Ladendienst von 12 bis 14 Uhr zu \u00fcbernehmen. Dieser kann unter anderem gerne leere Gef\u00e4\u00dfe auff\u00fcllen und Fragen von neugierigen und interessierten Leuten beantworten. Der Ladendienst freut sich \u00fcber tatkr\u00e4ftige Unterst\u00fctzung. Etwa einmal im Monat wird [&hellip;]<\/p>\n","protected":false},"author":1,"featured_media":0,"parent":0,"menu_order":0,"comment_status":"closed","ping_status":"closed","template":"","meta":{"footnotes":""},"class_list":["post-1651","page","type-page","status-publish","hentry"],"_links":{"self":[{"href":"https:\/\/appelunei.stura.uni-heidelberg.de\/index.php\/wp-json\/wp\/v2\/pages\/1651","targetHints":{"allow":["GET"]}}],"collection":[{"href":"https:\/\/appelunei.stura.uni-heidelberg.de\/index.php\/wp-json\/wp\/v2\/pages"}],"about":[{"href":"https:\/\/appelunei.stura.uni-heidelberg.de\/index.php\/wp-json\/wp\/v2\/types\/page"}],"author":[{"embeddable":true,"href":"https:\/\/appelunei.stura.uni-heidelberg.de\/index.php\/wp-json\/wp\/v2\/users\/1"}],"replies":[{"embeddable":true,"href":"https:\/\/appelunei.stura.uni-heidelberg.de\/index.php\/wp-json\/wp\/v2\/comments?post=1651"}],"version-history":[{"count":10,"href":"https:\/\/appelunei.stura.uni-heidelberg.de\/index.php\/wp-json\/wp\/v2\/pages\/1651\/revisions"}],"predecessor-version":[{"id":2018,"href":"https:\/\/appelunei.stura.uni-heidelberg.de\/index.php\/wp-json\/wp\/v2\/pages\/1651\/revisions\/2018"}],"wp:attachment":[{"href":"https:\/\/appelunei.stura.uni-heidelberg.de\/index.php\/wp-json\/wp\/v2\/media?parent=1651"}],"curies":[{"name":"wp","href":"https:\/\/api.w.org\/{rel}","templated":true}]}}