{"id":1657,"date":"2023-12-11T11:05:21","date_gmt":"2023-12-11T10:05:21","guid":{"rendered":"https:\/\/appelunei.stura.uni-heidelberg.de\/?page_id=1657"},"modified":"2024-03-15T20:48:23","modified_gmt":"2024-03-15T19:48:23","slug":"kontakt","status":"publish","type":"page","link":"https:\/\/appelunei.stura.uni-heidelberg.de\/index.php\/kontakt\/","title":{"rendered":"Kontakt"},"content":{"rendered":"<p>Schau einfach w\u00e4hrend der \u00d6ffnungszeiten im Laden vorbei oder komm zu unserem Plenum jeweils am ersten Donnerstag (der kein Feiertag ist) im Monat.<\/p>\n<p>Appel un\u2019 Ei<br \/>\nIm Neuenheimer Feld 304a<br \/>\n69120 Heidelberg<\/p>\n<p>Mail: appelunei(@)stura.uni-heidelberg.de<br \/>\nInstagram: <a href=\"https:\/\/www.instagram.com\/appelunei?igsh=MTZlMnd4bXFycGExdQ==\">appelunei<\/a><\/p>\n<h4>Mailinglisten<\/h4>\n<p>Es gibt f\u00fcr Appel un\u2019 Ei zwei Mailinglisten. <a href=\"https:\/\/lists.stura.uni-heidelberg.de\/cgi-bin\/mailman\/listinfo\/appelunei\" target=\"_blank\" rel=\"noopener noreferrer\">Appelunei<\/a> ist die interne Liste f\u00fcr alle Aktiven, auf der organisatorische Fragen gekl\u00e4rt werden. <a href=\"https:\/\/lists.stura.uni-heidelberg.de\/cgi-bin\/mailman\/listinfo\/appeluninfo\" target=\"_blank\" rel=\"noopener noreferrer\">Appeluninfo<\/a> ist die Infoliste f\u00fcr alle Mitglieder und sonstige Interessierten, auf der wichtige Termine angek\u00fcndigt werden und \u00fcber \u00d6ffnungszeiten berichtet wird. Durch Klicken auf die beiden Links gelangt ihr zu den Seiten des StuRa, auf denen ihr euch selbst\u00e4ndig in die Listen eintragen k\u00f6nnt. Dort k\u00f6nnt ihr euch auch wieder selbst\u00e4ndig austragen.<\/p>\n<p>&nbsp;<\/p>\n","protected":false},"excerpt":{"rendered":"<p>Schau einfach w\u00e4hrend der \u00d6ffnungszeiten im Laden vorbei oder komm zu unserem Plenum jeweils am ersten Donnerstag (der kein Feiertag ist) im Monat. Appel un\u2019 Ei Im Neuenheimer Feld 304a 69120 Heidelberg Mail: appelunei(@)stura.uni-heidelberg.de Instagram: appelunei Mailinglisten Es gibt f\u00fcr Appel un\u2019 Ei zwei Mailinglisten. Appelunei ist die interne Liste f\u00fcr alle Aktiven, auf der [&hellip;]<\/p>\n","protected":false},"author":1,"featured_media":0,"parent":0,"menu_order":0,"comment_status":"closed","ping_status":"closed","template":"","meta":{"footnotes":""},"class_list":["post-1657","page","type-page","status-publish","hentry"],"_links":{"self":[{"href":"https:\/\/appelunei.stura.uni-heidelberg.de\/index.php\/wp-json\/wp\/v2\/pages\/1657","targetHints":{"allow":["GET"]}}],"collection":[{"href":"https:\/\/appelunei.stura.uni-heidelberg.de\/index.php\/wp-json\/wp\/v2\/pages"}],"about":[{"href":"https:\/\/appelunei.stura.uni-heidelberg.de\/index.php\/wp-json\/wp\/v2\/types\/page"}],"author":[{"embeddable":true,"href":"https:\/\/appelunei.stura.uni-heidelberg.de\/index.php\/wp-json\/wp\/v2\/users\/1"}],"replies":[{"embeddable":true,"href":"https:\/\/appelunei.stura.uni-heidelberg.de\/index.php\/wp-json\/wp\/v2\/comments?post=1657"}],"version-history":[{"count":5,"href":"https:\/\/appelunei.stura.uni-heidelberg.de\/index.php\/wp-json\/wp\/v2\/pages\/1657\/revisions"}],"predecessor-version":[{"id":1789,"href":"https:\/\/appelunei.stura.uni-heidelberg.de\/index.php\/wp-json\/wp\/v2\/pages\/1657\/revisions\/1789"}],"wp:attachment":[{"href":"https:\/\/appelunei.stura.uni-heidelberg.de\/index.php\/wp-json\/wp\/v2\/media?parent=1657"}],"curies":[{"name":"wp","href":"https:\/\/api.w.org\/{rel}","templated":true}]}}