{"id":6,"date":"2020-02-27T14:08:53","date_gmt":"2020-02-27T14:08:53","guid":{"rendered":"https:\/\/appelunei.stura.uni-heidelberg.de\/?page_id=6"},"modified":"2026-02-01T21:44:39","modified_gmt":"2026-02-01T20:44:39","slug":"appel-un-ei","status":"publish","type":"page","link":"https:\/\/appelunei.stura.uni-heidelberg.de\/","title":{"rendered":"Appel un\u2019 Ei"},"content":{"rendered":"<h2>Lebensmittelkooperative<\/h2>\n<p>Das Appel un\u2019 Ei ist eine selbstverwaltete Lebensmittelkooperative.<\/p>\n<blockquote><p><em>Brauchst du neues Essen,<\/em><br \/>\n<em>nicht vergessen:<\/em><br \/>\n<em>Lebensmittel sch\u00f6n und nackt<\/em><br \/>\n<em>kriegst du hier ganz unverpackt!<\/em><\/p><\/blockquote>\n<p>Bei uns k\u00f6nnt ihr g\u00fcnstig unverpackte Bio-Lebensmittel einkaufen. Es werden m\u00f6glichst regionale, saisonale und biologisch angebaute Produkte verkauft. Das alles geschieht nicht-gewinnorientiert. Dadurch wollen wir erreichen, dass Menschen finanziell bezahlbar auf gesunde, nachhaltige und \u00f6kologische Nahrung zugreifen k\u00f6nnen.<\/p>\n<p>Unser Laden befindet sich auf dem Campus der Universit\u00e4t Heidelberg im Neuenheimer Feld, unter dem Vordach der Zentralmensa zwischen Chez Pierre und Caf\u00e9 Botanik. Begib dich selbst auf die Suche oder <a href=\"https:\/\/www.openstreetmap.org\/node\/540583953\">schau\u2019s dir auf der Karte an<\/a>.<\/p>\n<h3>Aktuelles<\/h3>\n<p>Auch im <strong>Wintersemester 2025\/26<\/strong> ist das Appel un&#8216; Ei wieder <strong>Montag bis Freitag 12-14 Uhr<\/strong> ge\u00f6ffnet.<\/p>\n<p>Es wartet neben den \u00fcblichen Produkten nun auch frisches Obst und Gem\u00fcse von Wildwuchs auf euch. Kommt vorbei!<\/p>\n<p><strong>Wir sind immer auf der Suche nach Freiwilligen, die uns durch ihre <a href=\"https:\/\/appelunei.stura.uni-heidelberg.de\/index.php\/mitmachen\/\">Mitarbeit<\/a> unterst\u00fctzen!<\/strong>\u00a0Kommt einfach vorbei!<\/p>\n<p>&nbsp;<\/p>\n<p><strong><br \/>\n<\/strong><strong>N\u00fctzliche Informationen <\/strong><\/p>\n<p>Da wir die Lebensmittel unverpackt verkaufen, solltet ihr eigene Gef\u00e4\u00dfe mitbringen \ud83d\ude09 Oft haben wir aber auch ein paar leere Gl\u00e4ser da, falls ihr eure mal vergesst.<br \/>\nEs besteht die M\u00f6glichkeit, Kaffee, Getreide und \u00d6lsaaten frisch im Laden selbst zu mahlen.<br \/>\nBei uns kann nur mit Bargeld bezahlt werden.<\/p>\n<p><img loading=\"lazy\" decoding=\"async\" class=\"aligncenter wp-image-1683 size-large\" src=\"https:\/\/appelunei.stura.uni-heidelberg.de\/wp-content\/uploads\/2023\/12\/PXL_20231211_105444344.MP2_-1024x768.jpg\" alt=\"\" width=\"1024\" height=\"768\" srcset=\"https:\/\/appelunei.stura.uni-heidelberg.de\/wp-content\/uploads\/2023\/12\/PXL_20231211_105444344.MP2_-1024x768.jpg 1024w, https:\/\/appelunei.stura.uni-heidelberg.de\/wp-content\/uploads\/2023\/12\/PXL_20231211_105444344.MP2_-300x225.jpg 300w, https:\/\/appelunei.stura.uni-heidelberg.de\/wp-content\/uploads\/2023\/12\/PXL_20231211_105444344.MP2_-768x576.jpg 768w, https:\/\/appelunei.stura.uni-heidelberg.de\/wp-content\/uploads\/2023\/12\/PXL_20231211_105444344.MP2_-1536x1152.jpg 1536w, https:\/\/appelunei.stura.uni-heidelberg.de\/wp-content\/uploads\/2023\/12\/PXL_20231211_105444344.MP2_-2048x1536.jpg 2048w\" sizes=\"auto, (max-width: 1024px) 100vw, 1024px\" \/><\/p>\n<p>&nbsp;<\/p>\n","protected":false},"excerpt":{"rendered":"<p>Lebensmittelkooperative Das Appel un\u2019 Ei ist eine selbstverwaltete Lebensmittelkooperative. Brauchst du neues Essen, nicht vergessen: Lebensmittel sch\u00f6n und nackt kriegst du hier ganz unverpackt! Bei uns k\u00f6nnt ihr g\u00fcnstig unverpackte Bio-Lebensmittel einkaufen. Es werden m\u00f6glichst regionale, saisonale und biologisch angebaute Produkte verkauft. Das alles geschieht nicht-gewinnorientiert. Dadurch wollen wir erreichen, dass Menschen finanziell bezahlbar auf [&hellip;]<\/p>\n","protected":false},"author":1,"featured_media":0,"parent":0,"menu_order":0,"comment_status":"closed","ping_status":"closed","template":"","meta":{"footnotes":""},"class_list":["post-6","page","type-page","status-publish","hentry"],"_links":{"self":[{"href":"https:\/\/appelunei.stura.uni-heidelberg.de\/index.php\/wp-json\/wp\/v2\/pages\/6","targetHints":{"allow":["GET"]}}],"collection":[{"href":"https:\/\/appelunei.stura.uni-heidelberg.de\/index.php\/wp-json\/wp\/v2\/pages"}],"about":[{"href":"https:\/\/appelunei.stura.uni-heidelberg.de\/index.php\/wp-json\/wp\/v2\/types\/page"}],"author":[{"embeddable":true,"href":"https:\/\/appelunei.stura.uni-heidelberg.de\/index.php\/wp-json\/wp\/v2\/users\/1"}],"replies":[{"embeddable":true,"href":"https:\/\/appelunei.stura.uni-heidelberg.de\/index.php\/wp-json\/wp\/v2\/comments?post=6"}],"version-history":[{"count":52,"href":"https:\/\/appelunei.stura.uni-heidelberg.de\/index.php\/wp-json\/wp\/v2\/pages\/6\/revisions"}],"predecessor-version":[{"id":2021,"href":"https:\/\/appelunei.stura.uni-heidelberg.de\/index.php\/wp-json\/wp\/v2\/pages\/6\/revisions\/2021"}],"wp:attachment":[{"href":"https:\/\/appelunei.stura.uni-heidelberg.de\/index.php\/wp-json\/wp\/v2\/media?parent=6"}],"curies":[{"name":"wp","href":"https:\/\/api.w.org\/{rel}","templated":true}]}}